{"id":3583,"date":"2022-02-22T08:47:37","date_gmt":"2022-02-22T08:47:37","guid":{"rendered":"https:\/\/www.theraget.eu\/?page_id=3583"},"modified":"2022-03-30T12:40:17","modified_gmt":"2022-03-30T12:40:17","slug":"activities","status":"publish","type":"page","link":"https:\/\/www.theraget.eu\/?page_id=3583","title":{"rendered":"Activities"},"content":{"rendered":"\n<div class=\"alignfull wp-block-ugb-header ugb-header ugb-9489a94 ugb-header ugb-header--v3 ugb-header--design-plain ugb-main-block ugb-main-block--inner-center ugb--has-block-background ugb--has-background-overlay\"><style>.ugb-9489a94.ugb-header{background-image:url(http:\/\/www.theraget.eu\/wp-content\/uploads\/2022\/02\/theraget4.png);background-size:contain !important}.ugb-9489a94.ugb-header:before{opacity:0.5}<\/style><div class=\"ugb-inner-block ugb-inner-block--center\"><div class=\"ugb-block-content\"><div class=\"ugb-header__item\"><div class=\"ugb-content-wrapper\"><\/div><\/div><\/div><\/div><\/div>\n\n\n\n<div class=\"wp-block-stackable-spacer stk-block-spacer stk--no-padding stk-block stk-49efbf3\" data-block-id=\"49efbf3\"><style>.stk-49efbf3{height:50px !important}<\/style><\/div>\n\n\n\n<figure class=\"wp-block-image size-full\"><img loading=\"lazy\" decoding=\"async\" width=\"1321\" height=\"945\" src=\"https:\/\/www.theraget.eu\/wp-content\/uploads\/2022\/02\/work-planification.png\" alt=\"\" class=\"wp-image-3814\" srcset=\"https:\/\/www.theraget.eu\/wp-content\/uploads\/2022\/02\/work-planification.png 1321w, https:\/\/www.theraget.eu\/wp-content\/uploads\/2022\/02\/work-planification-300x215.png 300w, https:\/\/www.theraget.eu\/wp-content\/uploads\/2022\/02\/work-planification-1024x733.png 1024w, https:\/\/www.theraget.eu\/wp-content\/uploads\/2022\/02\/work-planification-768x549.png 768w\" sizes=\"(max-width: 1321px) 100vw, 1321px\" \/><\/figure>\n\n\n\n<div class=\"wp-block-stackable-feature-grid alignfull is-style-default stk-block-feature-grid stk-block-columns stk-block stk-7fe4263\" data-block-id=\"7fe4263\"><div class=\"stk-row stk-inner-blocks has-text-align-center stk-block-content stk-content-align stk-7fe4263-column alignwide\">\n<div class=\"wp-block-stackable-column stk-block-column stk-column stk-block stk-bba52e5\" data-block-id=\"bba52e5\"><div class=\"stk-column-wrapper stk-block-column__content stk-container stk-bba52e5-container stk-hover-parent\"><div class=\"stk-block-content stk-inner-blocks\">\n<div class=\"wp-block-stackable-image stk-block-image stk-block stk-d3afb0e\" data-block-id=\"d3afb0e\"><style>.stk-d3afb0e .stk-img-wrapper{height:300px !important}<\/style><figure class=\"stk-img-wrapper stk-image--shape-stretch\"><img loading=\"lazy\" decoding=\"async\" class=\"stk-img wp-image-3729\" src=\"http:\/\/www.theraget.eu\/wp-content\/uploads\/2022\/02\/targeting.png\" width=\"301\" height=\"290\"\/><\/figure><\/div>\n\n\n\n<div class=\"wp-block-stackable-heading stk-block-heading stk-block stk-e15a690\" data-block-id=\"e15a690\"><style>.stk-e15a690 .stk-block-heading__text{margin:0 !important}<\/style><h3 class=\"stk-block-heading__text\">Targeting<\/h3><\/div>\n\n\n\n<div class=\"wp-block-stackable-text stk-block-text stk-block stk-b30ee13\" data-block-id=\"b30ee13\"><p class=\"stk-block-text__text\">Recherches men\u00e9es en collaboration avec SuperBranche<\/p><\/div>\n\n\n\n<div class=\"wp-block-stackable-button-group stk-block-button-group stk-block stk-73a5b85\" data-block-id=\"73a5b85\"><div class=\"stk-row stk-inner-blocks stk-block-content stk-button-group\">\n<div class=\"wp-block-stackable-button stk-block-button stk-block stk-b02588f\" data-block-id=\"b02588f\"><a class=\"stk-link stk-button stk--hover-effect-darken\" href=\"\"><span class=\"stk-button__inner-text\">Read More<\/span><\/a><\/div>\n<\/div><\/div>\n<\/div><\/div><\/div>\n\n\n\n<div class=\"wp-block-stackable-column stk-block-column stk-column stk-block stk-a9cb3e1\" data-block-id=\"a9cb3e1\"><div class=\"stk-column-wrapper stk-block-column__content stk-container stk-a9cb3e1-container stk-hover-parent\"><div class=\"stk-block-content stk-inner-blocks\">\n<div class=\"wp-block-stackable-image stk-block-image stk-block stk-83a9686\" data-block-id=\"83a9686\"><style>.stk-83a9686 .stk-img-wrapper{height:300px !important}<\/style><figure class=\"stk-img-wrapper stk-image--shape-stretch\"><img loading=\"lazy\" decoding=\"async\" class=\"stk-img wp-image-3731\" src=\"http:\/\/www.theraget.eu\/wp-content\/uploads\/2022\/02\/MRI-Imaging.png\" width=\"413\" height=\"283\" srcset=\"https:\/\/www.theraget.eu\/wp-content\/uploads\/2022\/02\/MRI-Imaging.png 413w, https:\/\/www.theraget.eu\/wp-content\/uploads\/2022\/02\/MRI-Imaging-300x206.png 300w\" sizes=\"(max-width: 413px) 100vw, 413px\" \/><\/figure><\/div>\n\n\n\n<div class=\"wp-block-stackable-heading stk-block-heading stk-block stk-f77f009\" data-block-id=\"f77f009\"><style>.stk-f77f009 .stk-block-heading__text{margin:0 !important}<\/style><h3 class=\"stk-block-heading__text\"><strong>MRI Imaging<\/strong><\/h3><\/div>\n\n\n\n<div class=\"wp-block-stackable-text stk-block-text stk-block stk-f20c6ba\" data-block-id=\"f20c6ba\"><p class=\"stk-block-text__text\">Recherches men\u00e9es en collaboration avec SuperBranche<\/p><\/div>\n\n\n\n<div class=\"wp-block-stackable-button-group stk-block-button-group stk-block stk-8587e77\" data-block-id=\"8587e77\"><div class=\"stk-row stk-inner-blocks stk-block-content stk-button-group\">\n<div class=\"wp-block-stackable-button stk-block-button stk-block stk-be70f63\" data-block-id=\"be70f63\"><a class=\"stk-link stk-button stk--hover-effect-darken\" href=\"https:\/\/www.theraget.eu\/?p=3859\"><span class=\"stk-button__inner-text\">Read More<\/span><\/a><\/div>\n<\/div><\/div>\n<\/div><\/div><\/div>\n\n\n\n<div class=\"wp-block-stackable-column stk-block-column stk-column stk-block stk-9c84cff\" data-block-id=\"9c84cff\"><div class=\"stk-column-wrapper stk-block-column__content stk-container stk-9c84cff-container stk-hover-parent\"><div class=\"stk-block-content stk-inner-blocks\">\n<div class=\"wp-block-stackable-image stk-block-image stk-block stk-3d3d232\" data-block-id=\"3d3d232\"><style>.stk-3d3d232 .stk-img-wrapper{height:300px !important}<\/style><figure class=\"stk-img-wrapper stk-image--shape-stretch\"><img loading=\"lazy\" decoding=\"async\" class=\"stk-img wp-image-3734\" src=\"https:\/\/www.theraget.eu\/wp-content\/uploads\/2022\/02\/Magnetic-Hyperthermia.png\" width=\"532\" height=\"218\" srcset=\"https:\/\/www.theraget.eu\/wp-content\/uploads\/2022\/02\/Magnetic-Hyperthermia.png 532w, https:\/\/www.theraget.eu\/wp-content\/uploads\/2022\/02\/Magnetic-Hyperthermia-300x123.png 300w\" sizes=\"(max-width: 532px) 100vw, 532px\" \/><\/figure><\/div>\n\n\n\n<div class=\"wp-block-stackable-heading stk-block-heading stk-block stk-763e552\" data-block-id=\"763e552\"><style>.stk-763e552 .stk-block-heading__text{margin:0 !important}<\/style><h3 class=\"stk-block-heading__text\"><strong>Magnetic Hyperthermia<\/strong><\/h3><\/div>\n\n\n\n<div class=\"wp-block-stackable-text stk-block-text stk-block stk-7cbe6b3\" data-block-id=\"7cbe6b3\"><p class=\"stk-block-text__text\">Recherches men\u00e9es en collaboration avec SuperBranche<\/p><\/div>\n\n\n\n<div class=\"wp-block-stackable-button-group stk-block-button-group stk-block stk-778d31d\" data-block-id=\"778d31d\"><div class=\"stk-row stk-inner-blocks stk-block-content stk-button-group\">\n<div class=\"wp-block-stackable-button stk-block-button stk-block stk-fae5205\" data-block-id=\"fae5205\"><a class=\"stk-link stk-button stk--hover-effect-darken\" href=\"\"><span class=\"stk-button__inner-text\">Read More<\/span><\/a><\/div>\n<\/div><\/div>\n<\/div><\/div><\/div>\n<\/div><\/div>\n\n\n\n<p><\/p>\n","protected":false},"excerpt":{"rendered":"<p>Targeting Recherches men\u00e9es en collaboration avec SuperBranche Read More MRI Imaging Recherches men\u00e9es en collaboration avec SuperBranche Read More Magnetic Hyperthermia Recherches men\u00e9es en collaboration avec SuperBranche Read More<\/p>\n","protected":false},"author":1,"featured_media":0,"parent":0,"menu_order":0,"comment_status":"closed","ping_status":"closed","template":"","meta":{"footnotes":""},"blocksy_meta":{"styles_descriptor":{"styles":{"desktop":"","tablet":"","mobile":""},"google_fonts":[],"version":6}},"featured_image_urls":{"full":"","thumbnail":"","medium":"","medium_large":"","large":"","1536x1536":"","2048x2048":""},"post_excerpt_stackable":"<p>Targeting Recherches men\u00e9es en collaboration avec SuperBranche Read More MRI Imaging Recherches men\u00e9es en collaboration avec SuperBranche Read More Magnetic Hyperthermia Recherches men\u00e9es en collaboration avec SuperBranche Read More<\/p>\n","category_list":"","author_info":{"name":"fabien","url":"https:\/\/www.theraget.eu\/?author=1"},"comments_num":"0 comments","featured_image_urls_v2":{"full":"","thumbnail":"","medium":"","medium_large":"","large":"","1536x1536":"","2048x2048":""},"post_excerpt_stackable_v2":"<p>Targeting Recherches men\u00e9es en collaboration avec SuperBranche Read More MRI Imaging Recherches men\u00e9es en collaboration avec SuperBranche Read More Magnetic Hyperthermia Recherches men\u00e9es en collaboration avec SuperBranche Read More<\/p>\n","category_list_v2":"","author_info_v2":{"name":"fabien","url":"https:\/\/www.theraget.eu\/?author=1"},"comments_num_v2":"0 comments","_links":{"self":[{"href":"https:\/\/www.theraget.eu\/index.php?rest_route=\/wp\/v2\/pages\/3583"}],"collection":[{"href":"https:\/\/www.theraget.eu\/index.php?rest_route=\/wp\/v2\/pages"}],"about":[{"href":"https:\/\/www.theraget.eu\/index.php?rest_route=\/wp\/v2\/types\/page"}],"author":[{"embeddable":true,"href":"https:\/\/www.theraget.eu\/index.php?rest_route=\/wp\/v2\/users\/1"}],"replies":[{"embeddable":true,"href":"https:\/\/www.theraget.eu\/index.php?rest_route=%2Fwp%2Fv2%2Fcomments&post=3583"}],"version-history":[{"count":12,"href":"https:\/\/www.theraget.eu\/index.php?rest_route=\/wp\/v2\/pages\/3583\/revisions"}],"predecessor-version":[{"id":3879,"href":"https:\/\/www.theraget.eu\/index.php?rest_route=\/wp\/v2\/pages\/3583\/revisions\/3879"}],"wp:attachment":[{"href":"https:\/\/www.theraget.eu\/index.php?rest_route=%2Fwp%2Fv2%2Fmedia&parent=3583"}],"curies":[{"name":"wp","href":"https:\/\/api.w.org\/{rel}","templated":true}]}}